{"id":5018,"date":"2018-02-20T04:33:44","date_gmt":"2018-02-20T04:33:44","guid":{"rendered":"https:\/\/reistec.com.br\/?page_id=5018"},"modified":"2020-11-10T09:19:54","modified_gmt":"2020-11-10T12:19:54","slug":"quem-somos","status":"publish","type":"page","link":"https:\/\/reistec.com.br\/index.php\/quem-somos\/","title":{"rendered":"Quem somos"},"content":{"rendered":"<p>[vc_row full_width=&#8221;stretch_row&#8221; css=&#8221;.vc_custom_1604499192463{margin-top: 10px !important;margin-bottom: 0px !important;padding-top: 0px !important;padding-bottom: 80px !important;background-color: #ffffff !important;}&#8221;][vc_column css=&#8221;.vc_custom_1519362639897{margin-top: 0px !important;padding-top: 0px !important;}&#8221;][vc_row_inner css=&#8221;.vc_custom_1518697640027{margin-top: 45px !important;margin-bottom: 0px !important;padding-top: 0px !important;padding-bottom: 0px !important;}&#8221;][vc_column_inner width=&#8221;1\/2&#8243;][vc_custom_heading text=&#8221;A Reistec&#8221; font_container=&#8221;tag:h3|font_size:30px|text_align:left|line_height:38px&#8221; use_theme_fonts=&#8221;yes&#8221;][vc_column_text css=&#8221;.vc_custom_1604514901536{margin-top: 35px !important;margin-bottom: 0px !important;padding-top: 0px !important;padding-bottom: 0px !important;}&#8221;]<\/p>\n<p style=\"text-align: justify;\">Provindo da necessidade dos clientes em alternativas confi\u00e1veis, ajustes nos processos fabris, insumos de qualidade e estabilidade qu\u00edmica, a REISTEC possui um corpo t\u00e9cnico e operacional de profissionais que adquiriram experi\u00eancia ao longo dos mais de 25 anos no campo da ind\u00fastria de minera\u00e7\u00e3o e transforma\u00e7\u00e3o em \u00e2mbito internacional por todos os continentes.<\/p>\n<p style=\"text-align: justify;\">Diante disso, a fim de otimizar nossas a\u00e7\u00f5es, estabelecemos parcerias com laborat\u00f3rios e centro de pesquisas renomados, trazemos um conjunto de habilidades para a resolu\u00e7\u00e3o de problemas de refrat\u00e1rios, an\u00e1lise de processos fabris ,bem como, abordagem t\u00e9cnica visando an\u00e1lises da performance dos refrat\u00e1rios e insumos industriais.<br \/>\nAl\u00e9m de pesquisar, desenvolver produtos e insumos para atender a essa demanda e tamb\u00e9m buscar a excel\u00eancia na expertise da sele\u00e7\u00e3o da qualidade do revestimento de refrat\u00e1rios para fornos de cimento e an\u00e1lise de falhas referente ao desgaste prematuro desse produto .<br \/>\nCom base nessa proposta, unimos conhecimentos e experi\u00eancias sobre as necessidades da ind\u00fastria de transforma\u00e7\u00e3o, resultados econ\u00f4micos com o trabalho em equipe e KPI&#8217;s operacionais. Ambos nos forneceram uma base s\u00f3lida para dar suporte \u00e0s necessidades espec\u00edficas de cada cliente.<\/p>\n<p>[\/vc_column_text][\/vc_column_inner][vc_column_inner el_class=&#8221;coluna&#8221; width=&#8221;1\/2&#8243;][vc_single_image image=&#8221;7100&#8243; img_size=&#8221;full&#8221; css=&#8221;.vc_custom_1604411557513{margin-top: 0px !important;margin-bottom: 0px !important;padding-top: 0px !important;padding-bottom: 0px !important;}&#8221; el_class=&#8221;image-space-top&#8221;][\/vc_column_inner][\/vc_row_inner][\/vc_column][\/vc_row][vc_row full_width=&#8221;stretch_row&#8221; css=&#8221;.vc_custom_1519364627923{margin-top: 0px !important;margin-bottom: 0px !important;padding-top: 15px !important;padding-bottom: 65px !important;background-color: #ffffff !important;}&#8221;][vc_column css=&#8221;.vc_custom_1519362679785{margin-top: 0px !important;margin-bottom: 0px !important;padding-top: 0px !important;padding-bottom: 0px !important;}&#8221;][vc_custom_heading text=&#8221;Nossos parceiros s\u00e3o nosso maior diferencial&#8221; font_container=&#8221;tag:h1|font_size:25px|text_align:center|line_height:26px&#8221; use_theme_fonts=&#8221;yes&#8221;][vc_single_image image=&#8221;7037&#8243; img_size=&#8221;full&#8221; alignment=&#8221;center&#8221; css=&#8221;.vc_custom_1604408015124{margin-top: 12px !important;margin-bottom: 25px !important;padding-top: 0px !important;padding-bottom: 0px !important;}&#8221;]<div class=\"clients owl-carousel element-one owl-nav-style-one owl-dot-style-one \"  data-owl-nav=\"true\" data-owl-dots=\"true\" data-owl-loop=\"true\" data-owl-autoplay=\"true\" data-owl-autoplay-timeout=\"6\" data-owl-mobile-items=\"1\" data-owl-tab-items=\"5\" data-owl-desktop-items=\"5\"><!-- clients-item --><div class=\"clients-item\"><div class=\"holder matchHeight\"><div class=\"table\"><div class=\"table-cell\"><div class=\"pic\"><img width=\"150\" height=\"150\" src=\"https:\/\/reistec.com.br\/wp-content\/uploads\/2020\/11\/05.png\" class=\"attachment-post-thumbnail size-post-thumbnail wp-post-image\" alt=\"\" loading=\"lazy\" \/><\/div><\/div><\/div><\/div><\/div><!-- clients-item --><!-- clients-item --><div class=\"clients-item\"><div class=\"holder matchHeight\"><div class=\"table\"><div class=\"table-cell\"><div class=\"pic\"><img width=\"150\" height=\"150\" src=\"https:\/\/reistec.com.br\/wp-content\/uploads\/2020\/11\/09.png\" class=\"attachment-post-thumbnail size-post-thumbnail wp-post-image\" alt=\"\" loading=\"lazy\" \/><\/div><\/div><\/div><\/div><\/div><!-- clients-item --><!-- clients-item --><div class=\"clients-item\"><div class=\"holder matchHeight\"><div class=\"table\"><div class=\"table-cell\"><div class=\"pic\"><img width=\"150\" height=\"150\" src=\"https:\/\/reistec.com.br\/wp-content\/uploads\/2018\/01\/04.png\" class=\"attachment-post-thumbnail size-post-thumbnail wp-post-image\" alt=\"\" loading=\"lazy\" \/><\/div><\/div><\/div><\/div><\/div><!-- clients-item --><!-- clients-item --><div class=\"clients-item\"><div class=\"holder matchHeight\"><div class=\"table\"><div class=\"table-cell\"><div class=\"pic\"><img width=\"150\" height=\"150\" src=\"https:\/\/reistec.com.br\/wp-content\/uploads\/2018\/01\/07.png\" class=\"attachment-post-thumbnail size-post-thumbnail wp-post-image\" alt=\"\" loading=\"lazy\" \/><\/div><\/div><\/div><\/div><\/div><!-- clients-item --><!-- clients-item --><div class=\"clients-item\"><div class=\"holder matchHeight\"><div class=\"table\"><div class=\"table-cell\"><div class=\"pic\"><img width=\"150\" height=\"150\" src=\"https:\/\/reistec.com.br\/wp-content\/uploads\/2018\/01\/03.png\" class=\"attachment-post-thumbnail size-post-thumbnail wp-post-image\" alt=\"\" loading=\"lazy\" \/><\/div><\/div><\/div><\/div><\/div><!-- clients-item --><!-- clients-item --><div class=\"clients-item\"><div class=\"holder matchHeight\"><div class=\"table\"><div class=\"table-cell\"><div class=\"pic\"><img width=\"150\" height=\"150\" src=\"https:\/\/reistec.com.br\/wp-content\/uploads\/2018\/01\/02.png\" class=\"attachment-post-thumbnail size-post-thumbnail wp-post-image\" alt=\"\" loading=\"lazy\" \/><\/div><\/div><\/div><\/div><\/div><!-- clients-item --><!-- clients-item --><div class=\"clients-item\"><div class=\"holder matchHeight\"><div class=\"table\"><div class=\"table-cell\"><div class=\"pic\"><img width=\"150\" height=\"150\" src=\"https:\/\/reistec.com.br\/wp-content\/uploads\/2017\/11\/06.png\" class=\"attachment-post-thumbnail size-post-thumbnail wp-post-image\" alt=\"\" loading=\"lazy\" \/><\/div><\/div><\/div><\/div><\/div><!-- clients-item --><!-- clients-item --><div class=\"clients-item\"><div class=\"holder matchHeight\"><div class=\"table\"><div class=\"table-cell\"><div class=\"pic\"><img width=\"150\" height=\"150\" src=\"https:\/\/reistec.com.br\/wp-content\/uploads\/2017\/11\/08.png\" class=\"attachment-post-thumbnail size-post-thumbnail wp-post-image\" alt=\"\" loading=\"lazy\" \/><\/div><\/div><\/div><\/div><\/div><!-- clients-item --><!-- clients-item --><div class=\"clients-item\"><div class=\"holder matchHeight\"><div class=\"table\"><div class=\"table-cell\"><div class=\"pic\"><img width=\"150\" height=\"150\" src=\"https:\/\/reistec.com.br\/wp-content\/uploads\/2017\/11\/01.png\" class=\"attachment-post-thumbnail size-post-thumbnail wp-post-image\" alt=\"\" loading=\"lazy\" \/><\/div><\/div><\/div><\/div><\/div><!-- clients-item --><!-- clients-item --><div class=\"clients-item\"><div class=\"holder matchHeight\"><div class=\"table\"><div class=\"table-cell\"><div class=\"pic\"><img width=\"150\" height=\"150\" src=\"https:\/\/reistec.com.br\/wp-content\/uploads\/2017\/11\/10.png\" class=\"attachment-post-thumbnail size-post-thumbnail wp-post-image\" alt=\"\" loading=\"lazy\" \/><\/div><\/div><\/div><\/div><\/div><!-- clients-item --><\/div>[\/vc_column][\/vc_row]<\/p>\n","protected":false},"excerpt":{"rendered":"<p>[vc_row full_width=&#8221;stretch_row&#8221; css=&#8221;.vc_custom_1604499192463{margin-top: 10px !important;margin-bottom: 0px !important;padding-top: 0px !important;padding-bottom: 80px !important;background-color: #ffffff !important;}&#8221;][vc_column css=&#8221;.vc_custom_1519362639897{margin-top: 0px !important;padding-top: 0px !important;}&#8221;][vc_row_inner css=&#8221;.vc_custom_1518697640027{margin-top: 45px !important;margin-bottom: 0px !important;padding-top: 0px !important;padding-bottom: 0px !important;}&#8221;][vc_column_inner width=&#8221;1\/2&#8243;][vc_custom_heading text=&#8221;A Reistec&#8221; font_container=&#8221;tag:h3|font_size:30px|text_align:left|line_height:38px&#8221; use_theme_fonts=&#8221;yes&#8221;][vc_column_text css=&#8221;.vc_custom_1604514901536{margin-top: 35px !important;margin-bottom: 0px !important;padding-top: 0px !important;padding-bottom: 0px !important;}&#8221;] Provindo da necessidade dos clientes em alternativas confi\u00e1veis, ajustes nos processos fabris, insumos de [&hellip;]<\/p>\n","protected":false},"author":1,"featured_media":0,"parent":0,"menu_order":0,"comment_status":"closed","ping_status":"closed","template":"","meta":{"_vp_format_video_url":"","_vp_image_focal_point":[]},"_links":{"self":[{"href":"https:\/\/reistec.com.br\/index.php\/wp-json\/wp\/v2\/pages\/5018"}],"collection":[{"href":"https:\/\/reistec.com.br\/index.php\/wp-json\/wp\/v2\/pages"}],"about":[{"href":"https:\/\/reistec.com.br\/index.php\/wp-json\/wp\/v2\/types\/page"}],"author":[{"embeddable":true,"href":"https:\/\/reistec.com.br\/index.php\/wp-json\/wp\/v2\/users\/1"}],"replies":[{"embeddable":true,"href":"https:\/\/reistec.com.br\/index.php\/wp-json\/wp\/v2\/comments?post=5018"}],"version-history":[{"count":14,"href":"https:\/\/reistec.com.br\/index.php\/wp-json\/wp\/v2\/pages\/5018\/revisions"}],"predecessor-version":[{"id":7205,"href":"https:\/\/reistec.com.br\/index.php\/wp-json\/wp\/v2\/pages\/5018\/revisions\/7205"}],"wp:attachment":[{"href":"https:\/\/reistec.com.br\/index.php\/wp-json\/wp\/v2\/media?parent=5018"}],"curies":[{"name":"wp","href":"https:\/\/api.w.org\/{rel}","templated":true}]}}